{"id":506,"date":"2023-02-28T13:58:21","date_gmt":"2023-02-28T13:58:21","guid":{"rendered":"https:\/\/adelinafootballdrills.com\/?post_type=product&#038;p=506"},"modified":"2023-04-10T19:14:34","modified_gmt":"2023-04-10T19:14:34","slug":"grand-pack-x239-essentials-football-drills","status":"publish","type":"product","link":"http:\/\/adelinafootballdrills.com\/es\/producto\/grand-pack-x239-essentials-football-drills\/","title":{"rendered":"Grand Pack &#8211; x239 Essentials Football Drills"},"content":{"rendered":"<p>Este paquete de <strong>239 ejercicios de futbol base<\/strong> se divide de la siguiente manera:<\/p>\n<ul>\n<li>x57 Ejercicios de <strong>Conducci\u00f3n<\/strong><\/li>\n<li>x108 Ejercicios de <strong>Pase y Recepci\u00f3n<\/strong><\/li>\n<li>x26 Ejercicios de<strong> Juegos en Espacios Reducidos<\/strong><\/li>\n<li>x14 Ejercicios de <strong>Conducci\u00f3n + Finalizaci\u00f3n<\/strong><\/li>\n<li>x34 Ejercicios de <strong>Pase y Recepci\u00f3n + Finalizaci\u00f3n<\/strong><\/li>\n<\/ul>\n<p><strong>______________________________________<\/strong><\/p>\n<p>This pack contains <strong>239 Essentials Football Drills<\/strong> divided as follows:<\/p>\n<ul>\n<li>x57 <strong>Dribbling <\/strong>Drills<\/li>\n<li>x108<strong> Pass and Receiving <\/strong>Drills<\/li>\n<li>x26 <strong>Small Sized Games<\/strong><\/li>\n<li>x14 <strong>Dribbling and Finishing <\/strong>Drills<\/li>\n<li>x34 <strong>Passing and Receiving + Finishing <\/strong>Drills<\/li>\n<\/ul>","protected":false},"excerpt":{"rendered":"<p>Este paquete de 239 ejercicios de futbol base se divide de la siguiente manera: x57 Ejercicios de Conducci\u00f3n x108 Ejercicios de Pase y Recepci\u00f3n x26 Ejercicios de Juegos en Espacios Reducidos x14 Ejercicios de Conducci\u00f3n + Finalizaci\u00f3n x34 Ejercicios de Pase y Recepci\u00f3n + Finalizaci\u00f3n ______________________________________ This pack contains 239 Essentials Football Drills divided as [&hellip;]<\/p>\n","protected":false},"featured_media":507,"comment_status":"open","ping_status":"closed","template":"","meta":{"site-sidebar-layout":"default","site-content-layout":"default","ast-site-content-layout":"default","site-content-style":"default","site-sidebar-style":"default","ast-global-header-display":"","ast-banner-title-visibility":"","ast-main-header-display":"","ast-hfb-above-header-display":"","ast-hfb-below-header-display":"","ast-hfb-mobile-header-display":"","site-post-title":"","ast-breadcrumbs-content":"","ast-featured-img":"","footer-sml-layout":"","ast-disable-related-posts":"","theme-transparent-header-meta":"default","adv-header-id-meta":"","stick-header-meta":"","header-above-stick-meta":"","header-main-stick-meta":"","header-below-stick-meta":"","astra-migrate-meta-layouts":"default","ast-page-background-enabled":"default","ast-page-background-meta":{"desktop":{"background-color":"var(--ast-global-color-4)","background-image":"","background-repeat":"repeat","background-position":"center center","background-size":"auto","background-attachment":"scroll","background-type":"","background-media":"","overlay-type":"","overlay-color":"","overlay-opacity":"","overlay-gradient":""},"tablet":{"background-color":"","background-image":"","background-repeat":"repeat","background-position":"center center","background-size":"auto","background-attachment":"scroll","background-type":"","background-media":"","overlay-type":"","overlay-color":"","overlay-opacity":"","overlay-gradient":""},"mobile":{"background-color":"","background-image":"","background-repeat":"repeat","background-position":"center center","background-size":"auto","background-attachment":"scroll","background-type":"","background-media":"","overlay-type":"","overlay-color":"","overlay-opacity":"","overlay-gradient":""}},"ast-content-background-meta":{"desktop":{"background-color":"var(--ast-global-color-5)","background-image":"","background-repeat":"repeat","background-position":"center center","background-size":"auto","background-attachment":"scroll","background-type":"","background-media":"","overlay-type":"","overlay-color":"","overlay-opacity":"","overlay-gradient":""},"tablet":{"background-color":"var(--ast-global-color-5)","background-image":"","background-repeat":"repeat","background-position":"center center","background-size":"auto","background-attachment":"scroll","background-type":"","background-media":"","overlay-type":"","overlay-color":"","overlay-opacity":"","overlay-gradient":""},"mobile":{"background-color":"var(--ast-global-color-5)","background-image":"","background-repeat":"repeat","background-position":"center center","background-size":"auto","background-attachment":"scroll","background-type":"","background-media":"","overlay-type":"","overlay-color":"","overlay-opacity":"","overlay-gradient":""}},"_joinchat":[]},"product_brand":[],"product_cat":[27,35,19,20,25,56],"product_tag":[57,40,21,22,59,58],"class_list":{"0":"post-506","1":"product","2":"type-product","3":"status-publish","4":"has-post-thumbnail","6":"product_cat-dribbling","7":"product_cat-essentials","8":"product_cat-finishing","9":"product_cat-pass","10":"product_cat-posession","11":"product_cat-small-sided-games","12":"product_tag-dribbling","13":"product_tag-essential","14":"product_tag-finishing","15":"product_tag-pass","16":"product_tag-posession","17":"product_tag-small-sided-games","18":"desktop-align-left","19":"tablet-align-left","20":"mobile-align-left","22":"first","23":"instock","24":"featured","25":"downloadable","26":"virtual","27":"purchasable","28":"product-type-simple"},"_links":{"self":[{"href":"http:\/\/adelinafootballdrills.com\/es\/wp-json\/wp\/v2\/product\/506","targetHints":{"allow":["GET"]}}],"collection":[{"href":"http:\/\/adelinafootballdrills.com\/es\/wp-json\/wp\/v2\/product"}],"about":[{"href":"http:\/\/adelinafootballdrills.com\/es\/wp-json\/wp\/v2\/types\/product"}],"replies":[{"embeddable":true,"href":"http:\/\/adelinafootballdrills.com\/es\/wp-json\/wp\/v2\/comments?post=506"}],"version-history":[{"count":1,"href":"http:\/\/adelinafootballdrills.com\/es\/wp-json\/wp\/v2\/product\/506\/revisions"}],"predecessor-version":[{"id":508,"href":"http:\/\/adelinafootballdrills.com\/es\/wp-json\/wp\/v2\/product\/506\/revisions\/508"}],"wp:featuredmedia":[{"embeddable":true,"href":"http:\/\/adelinafootballdrills.com\/es\/wp-json\/wp\/v2\/media\/507"}],"wp:attachment":[{"href":"http:\/\/adelinafootballdrills.com\/es\/wp-json\/wp\/v2\/media?parent=506"}],"wp:term":[{"taxonomy":"product_brand","embeddable":true,"href":"http:\/\/adelinafootballdrills.com\/es\/wp-json\/wp\/v2\/product_brand?post=506"},{"taxonomy":"product_cat","embeddable":true,"href":"http:\/\/adelinafootballdrills.com\/es\/wp-json\/wp\/v2\/product_cat?post=506"},{"taxonomy":"product_tag","embeddable":true,"href":"http:\/\/adelinafootballdrills.com\/es\/wp-json\/wp\/v2\/product_tag?post=506"}],"curies":[{"name":"wp","href":"https:\/\/api.w.org\/{rel}","templated":true}]}}